{"id":36446,"date":"2023-06-20T18:10:23","date_gmt":"2023-06-20T18:10:23","guid":{"rendered":"https:\/\/lamarescapela.pt\/sobre\/"},"modified":"2025-02-26T17:35:42","modified_gmt":"2025-02-26T17:35:42","slug":"sobre","status":"publish","type":"page","link":"https:\/\/lamarescapela.pt\/es\/sobre\/","title":{"rendered":"Sobre"},"content":{"rendered":"\t\t<div data-elementor-type=\"wp-page\" data-elementor-id=\"36446\" class=\"elementor elementor-36446 elementor-34942\" data-elementor-settings=\"{&quot;element_pack_global_tooltip_width&quot;:{&quot;unit&quot;:&quot;px&quot;,&quot;size&quot;:&quot;&quot;,&quot;sizes&quot;:[]},&quot;element_pack_global_tooltip_width_tablet&quot;:{&quot;unit&quot;:&quot;px&quot;,&quot;size&quot;:&quot;&quot;,&quot;sizes&quot;:[]},&quot;element_pack_global_tooltip_width_mobile&quot;:{&quot;unit&quot;:&quot;px&quot;,&quot;size&quot;:&quot;&quot;,&quot;sizes&quot;:[]},&quot;element_pack_global_tooltip_padding&quot;:{&quot;unit&quot;:&quot;px&quot;,&quot;top&quot;:&quot;&quot;,&quot;right&quot;:&quot;&quot;,&quot;bottom&quot;:&quot;&quot;,&quot;left&quot;:&quot;&quot;,&quot;isLinked&quot;:true},&quot;element_pack_global_tooltip_padding_tablet&quot;:{&quot;unit&quot;:&quot;px&quot;,&quot;top&quot;:&quot;&quot;,&quot;right&quot;:&quot;&quot;,&quot;bottom&quot;:&quot;&quot;,&quot;left&quot;:&quot;&quot;,&quot;isLinked&quot;:true},&quot;element_pack_global_tooltip_padding_mobile&quot;:{&quot;unit&quot;:&quot;px&quot;,&quot;top&quot;:&quot;&quot;,&quot;right&quot;:&quot;&quot;,&quot;bottom&quot;:&quot;&quot;,&quot;left&quot;:&quot;&quot;,&quot;isLinked&quot;:true},&quot;element_pack_global_tooltip_border_radius&quot;:{&quot;unit&quot;:&quot;px&quot;,&quot;top&quot;:&quot;&quot;,&quot;right&quot;:&quot;&quot;,&quot;bottom&quot;:&quot;&quot;,&quot;left&quot;:&quot;&quot;,&quot;isLinked&quot;:true},&quot;element_pack_global_tooltip_border_radius_tablet&quot;:{&quot;unit&quot;:&quot;px&quot;,&quot;top&quot;:&quot;&quot;,&quot;right&quot;:&quot;&quot;,&quot;bottom&quot;:&quot;&quot;,&quot;left&quot;:&quot;&quot;,&quot;isLinked&quot;:true},&quot;element_pack_global_tooltip_border_radius_mobile&quot;:{&quot;unit&quot;:&quot;px&quot;,&quot;top&quot;:&quot;&quot;,&quot;right&quot;:&quot;&quot;,&quot;bottom&quot;:&quot;&quot;,&quot;left&quot;:&quot;&quot;,&quot;isLinked&quot;:true}}\" data-elementor-post-type=\"page\">\n\t\t\t\t<div class=\"elementor-element elementor-element-db245f0 e-flex e-con-boxed e-con e-parent\" data-id=\"db245f0\" data-element_type=\"container\" data-e-type=\"container\" data-settings=\"{&quot;background_background&quot;:&quot;classic&quot;}\">\n\t\t\t\t\t<div class=\"e-con-inner\">\n\t\t\t\t<div class=\"elementor-element elementor-element-7738a4a elementor-widget elementor-widget-heading\" data-id=\"7738a4a\" data-element_type=\"widget\" data-e-type=\"widget\" data-widget_type=\"heading.default\">\n\t\t\t\t<div class=\"elementor-widget-container\">\n\t\t\t\t\t<h1 class=\"elementor-heading-title elementor-size-default\">Beyond Borders<\/h1>\t\t\t\t<\/div>\n\t\t\t\t<\/div>\n\t\t\t\t<div class=\"elementor-element elementor-element-e216f4d elementor-widget-divider--view-line elementor-widget elementor-widget-divider\" data-id=\"e216f4d\" data-element_type=\"widget\" data-e-type=\"widget\" data-widget_type=\"divider.default\">\n\t\t\t\t<div class=\"elementor-widget-container\">\n\t\t\t\t\t\t\t<div class=\"elementor-divider\">\n\t\t\t<span class=\"elementor-divider-separator\">\n\t\t\t\t\t\t<\/span>\n\t\t<\/div>\n\t\t\t\t\t\t<\/div>\n\t\t\t\t<\/div>\n\t\t\t\t\t<\/div>\n\t\t\t\t<\/div>\n\t\t<div class=\"elementor-element elementor-element-6a462c1 e-flex e-con-boxed e-con e-parent\" data-id=\"6a462c1\" data-element_type=\"container\" data-e-type=\"container\">\n\t\t\t\t\t<div class=\"e-con-inner\">\n\t\t\t\t<div class=\"elementor-element elementor-element-28078e1 elementor-widget elementor-widget-heading\" data-id=\"28078e1\" data-element_type=\"widget\" data-e-type=\"widget\" data-widget_type=\"heading.default\">\n\t\t\t\t<div class=\"elementor-widget-container\">\n\t\t\t\t\t<h3 class=\"elementor-heading-title elementor-size-default\">Qui\u00e9nes Somos<\/h3>\t\t\t\t<\/div>\n\t\t\t\t<\/div>\n\t\t\t\t<div class=\"elementor-element elementor-element-d34b9f6 elementor-widget-divider--view-line elementor-widget elementor-widget-divider\" data-id=\"d34b9f6\" data-element_type=\"widget\" data-e-type=\"widget\" data-widget_type=\"divider.default\">\n\t\t\t\t<div class=\"elementor-widget-container\">\n\t\t\t\t\t\t\t<div class=\"elementor-divider\">\n\t\t\t<span class=\"elementor-divider-separator\">\n\t\t\t\t\t\t<\/span>\n\t\t<\/div>\n\t\t\t\t\t\t<\/div>\n\t\t\t\t<\/div>\n\t\t\t\t<div class=\"elementor-element elementor-element-4797b57 elementor-widget elementor-widget-text-editor\" data-id=\"4797b57\" data-element_type=\"widget\" data-e-type=\"widget\" data-widget_type=\"text-editor.default\">\n\t\t\t\t<div class=\"elementor-widget-container\">\n\t\t\t\t\t\t\t\t\t<p>Los abogados portugueses,\u00a0<strong>Ana Sofia Lamares y Diogo Capela<\/strong>\u00a0son los socios fundadores de la Sociedad.\u00a0<strong>Ambos decidieron, luego de profundizar sus conocimientos y acumular experiencia, especialmente en las \u00e1reas de Nacionalidad e Inmigraci\u00f3n, fundar LACA<\/strong>\u00a0para continuar con su misi\u00f3n.<\/p>\n<p>El\u00a0<strong>equipo re\u00fane a abogados reconocidos internacionalmente<\/strong>\u00a0por su competencia, as\u00ed como a profesionales de otras \u00e1reas elegidos de forma meticulosa y cuidada, para garantizar que el equipo est\u00e9 alineado con una rigurosa \u00e9tica personal y profesional.<\/p>\n<p><strong>Defendemos la diversidad, la igualdad<\/strong>\u00a0y la no discriminaci\u00f3n, tratamos a los compa\u00f1eros, clientes, socios y agentes que intervienen en el trabajo con tolerancia, respeto y de forma justa.<\/p>\n<p><strong>Asumimos nuestro compromiso con la comunidad, mediante la prestaci\u00f3n de apoyo jur\u00eddico pro bono y la difusi\u00f3n de proyectos sociales y con el planeta<\/strong>, privilegiando la prestaci\u00f3n de servicios por medios digitales y pugnando por la eficiencia y el ahorro de agua y energ\u00eda.<\/p>\n\t\t\t\t\t\t\t\t<\/div>\n\t\t\t\t<\/div>\n\t\t\t\t\t<\/div>\n\t\t\t\t<\/div>\n\t\t<div class=\"elementor-element elementor-element-74f66db e-flex e-con-boxed e-con e-parent\" data-id=\"74f66db\" data-element_type=\"container\" data-e-type=\"container\" data-settings=\"{&quot;background_background&quot;:&quot;classic&quot;}\">\n\t\t\t\t\t<div class=\"e-con-inner\">\n\t\t<div class=\"elementor-element elementor-element-1eb6d21 e-con-full e-flex e-con e-child\" data-id=\"1eb6d21\" data-element_type=\"container\" data-e-type=\"container\">\n\t\t\t\t<div class=\"elementor-element elementor-element-c51875e elementor-widget elementor-widget-heading\" data-id=\"c51875e\" data-element_type=\"widget\" data-e-type=\"widget\" data-widget_type=\"heading.default\">\n\t\t\t\t<div class=\"elementor-widget-container\">\n\t\t\t\t\t<h3 class=\"elementor-heading-title elementor-size-default\">Qu\u00e9 Hacemos<\/h3>\t\t\t\t<\/div>\n\t\t\t\t<\/div>\n\t\t\t\t<div class=\"elementor-element elementor-element-326d06d elementor-widget-divider--view-line elementor-widget elementor-widget-divider\" data-id=\"326d06d\" data-element_type=\"widget\" data-e-type=\"widget\" data-widget_type=\"divider.default\">\n\t\t\t\t<div class=\"elementor-widget-container\">\n\t\t\t\t\t\t\t<div class=\"elementor-divider\">\n\t\t\t<span class=\"elementor-divider-separator\">\n\t\t\t\t\t\t<\/span>\n\t\t<\/div>\n\t\t\t\t\t\t<\/div>\n\t\t\t\t<\/div>\n\t\t\t\t<div class=\"elementor-element elementor-element-5d23ff5 elementor-widget elementor-widget-text-editor\" data-id=\"5d23ff5\" data-element_type=\"widget\" data-e-type=\"widget\" data-widget_type=\"text-editor.default\">\n\t\t\t\t<div class=\"elementor-widget-container\">\n\t\t\t\t\t\t\t\t\t<p>Trabajar con compromiso y rigor para superar las expectativas del cliente.<\/p>\n<p>Fomentamos y cultivamos una <strong>relaci\u00f3n s\u00f3lida y duradera con los clientes, para que puedan contar con socios verdaderos y completamente confiables<\/strong> en Portugal.<\/p>\n\t\t\t\t\t\t\t\t<\/div>\n\t\t\t\t<\/div>\n\t\t\t\t<div class=\"elementor-element elementor-element-29f8428 elementor-widget elementor-widget-heading\" data-id=\"29f8428\" data-element_type=\"widget\" data-e-type=\"widget\" data-widget_type=\"heading.default\">\n\t\t\t\t<div class=\"elementor-widget-container\">\n\t\t\t\t\t<h3 class=\"elementor-heading-title elementor-size-default\">C\u00f3mo lo Hacemos<\/h3>\t\t\t\t<\/div>\n\t\t\t\t<\/div>\n\t\t\t\t<div class=\"elementor-element elementor-element-fa549b1 elementor-widget-divider--view-line elementor-widget elementor-widget-divider\" data-id=\"fa549b1\" data-element_type=\"widget\" data-e-type=\"widget\" data-widget_type=\"divider.default\">\n\t\t\t\t<div class=\"elementor-widget-container\">\n\t\t\t\t\t\t\t<div class=\"elementor-divider\">\n\t\t\t<span class=\"elementor-divider-separator\">\n\t\t\t\t\t\t<\/span>\n\t\t<\/div>\n\t\t\t\t\t\t<\/div>\n\t\t\t\t<\/div>\n\t\t\t\t<div class=\"elementor-element elementor-element-43032d2 elementor-widget elementor-widget-text-editor\" data-id=\"43032d2\" data-element_type=\"widget\" data-e-type=\"widget\" data-widget_type=\"text-editor.default\">\n\t\t\t\t<div class=\"elementor-widget-container\">\n\t\t\t\t\t\t\t\t\t<p><strong>Estando cerca del cliente<\/strong>\u00a0\u2013 para satisfacer sus necesidades, buscamos conocer las expectativas y ambiciones del cliente y su familia.<\/p>\n<p><strong>Personalizando<\/strong>\u00a0\u2013 cada cliente es \u00fanico, no repetimos la misma receta y ofrecemos servicios complementarios y apoyo que muchas veces va m\u00e1s all\u00e1 de lo legal.<\/p>\n<p><strong>Con la creatividad, con un enfoque innovador<\/strong>\u00a0y pr\u00e1ctico, porque sabemos m\u00e1s que el texto de la ley, tenemos experiencia en el campo, conocemos la burocracia, las personas, los lugares.<\/p>\n<p><strong>Estando disponibles<\/strong>\u00a0\u2013 nos tomamos nuestro tiempo e invertimos en una explicaci\u00f3n detallada del proceso y las hip\u00f3tesis para que el cliente decida de manera informada. El conocimiento es nuestro pero la decisi\u00f3n es del cliente.<\/p>\n<p><strong>Escuchamos a los clientes<\/strong>: su opini\u00f3n y sugerencias son fundamentales para la mejora continua de nuestro servicio.<\/p>\n\t\t\t\t\t\t\t\t<\/div>\n\t\t\t\t<\/div>\n\t\t\t\t<\/div>\n\t\t<div class=\"elementor-element elementor-element-b9e095a e-con-full elementor-hidden-tablet elementor-hidden-mobile e-flex e-con e-child\" data-id=\"b9e095a\" data-element_type=\"container\" data-e-type=\"container\" data-settings=\"{&quot;background_background&quot;:&quot;classic&quot;}\">\n\t\t\t\t<\/div>\n\t\t\t\t\t<\/div>\n\t\t\t\t<\/div>\n\t\t\t\t<\/div>\n\t\t","protected":false},"excerpt":{"rendered":"<p>Beyond Borders Qui\u00e9nes Somos Los abogados portugueses,\u00a0Ana Sofia Lamares y Diogo Capela\u00a0son los socios fundadores de la Sociedad.\u00a0Ambos decidieron, luego de profundizar sus conocimientos y acumular experiencia, especialmente en las \u00e1reas de Nacionalidad e Inmigraci\u00f3n, fundar LACA\u00a0para continuar con su misi\u00f3n. El\u00a0equipo re\u00fane a abogados reconocidos internacionalmente\u00a0por su competencia, as\u00ed como a profesionales de otras [&hellip;]<\/p>\n","protected":false},"author":8,"featured_media":0,"parent":0,"menu_order":9,"comment_status":"closed","ping_status":"closed","template":"","meta":{"_acf_changed":false,"footnotes":""},"class_list":["post-36446","page","type-page","status-publish","hentry"],"acf":[],"_links":{"self":[{"href":"https:\/\/lamarescapela.pt\/es\/wp-json\/wp\/v2\/pages\/36446","targetHints":{"allow":["GET"]}}],"collection":[{"href":"https:\/\/lamarescapela.pt\/es\/wp-json\/wp\/v2\/pages"}],"about":[{"href":"https:\/\/lamarescapela.pt\/es\/wp-json\/wp\/v2\/types\/page"}],"author":[{"embeddable":true,"href":"https:\/\/lamarescapela.pt\/es\/wp-json\/wp\/v2\/users\/8"}],"replies":[{"embeddable":true,"href":"https:\/\/lamarescapela.pt\/es\/wp-json\/wp\/v2\/comments?post=36446"}],"version-history":[{"count":0,"href":"https:\/\/lamarescapela.pt\/es\/wp-json\/wp\/v2\/pages\/36446\/revisions"}],"wp:attachment":[{"href":"https:\/\/lamarescapela.pt\/es\/wp-json\/wp\/v2\/media?parent=36446"}],"curies":[{"name":"wp","href":"https:\/\/api.w.org\/{rel}","templated":true}]}}