{"id":36761,"date":"2023-08-02T11:03:32","date_gmt":"2023-08-02T11:03:32","guid":{"rendered":"https:\/\/lamarescapela.pt\/terminos-y-condiciones\/"},"modified":"2025-01-09T11:14:42","modified_gmt":"2025-01-09T11:14:42","slug":"terminos-y-condiciones","status":"publish","type":"page","link":"https:\/\/lamarescapela.pt\/es\/terminos-y-condiciones\/","title":{"rendered":"T\u00e9rminos y Condiciones"},"content":{"rendered":"\t\t<div data-elementor-type=\"wp-page\" data-elementor-id=\"36761\" class=\"elementor elementor-36761 elementor-36736\" data-elementor-settings=\"{&quot;element_pack_global_tooltip_width&quot;:{&quot;unit&quot;:&quot;px&quot;,&quot;size&quot;:&quot;&quot;,&quot;sizes&quot;:[]},&quot;element_pack_global_tooltip_width_tablet&quot;:{&quot;unit&quot;:&quot;px&quot;,&quot;size&quot;:&quot;&quot;,&quot;sizes&quot;:[]},&quot;element_pack_global_tooltip_width_mobile&quot;:{&quot;unit&quot;:&quot;px&quot;,&quot;size&quot;:&quot;&quot;,&quot;sizes&quot;:[]},&quot;element_pack_global_tooltip_padding&quot;:{&quot;unit&quot;:&quot;px&quot;,&quot;top&quot;:&quot;&quot;,&quot;right&quot;:&quot;&quot;,&quot;bottom&quot;:&quot;&quot;,&quot;left&quot;:&quot;&quot;,&quot;isLinked&quot;:true},&quot;element_pack_global_tooltip_padding_tablet&quot;:{&quot;unit&quot;:&quot;px&quot;,&quot;top&quot;:&quot;&quot;,&quot;right&quot;:&quot;&quot;,&quot;bottom&quot;:&quot;&quot;,&quot;left&quot;:&quot;&quot;,&quot;isLinked&quot;:true},&quot;element_pack_global_tooltip_padding_mobile&quot;:{&quot;unit&quot;:&quot;px&quot;,&quot;top&quot;:&quot;&quot;,&quot;right&quot;:&quot;&quot;,&quot;bottom&quot;:&quot;&quot;,&quot;left&quot;:&quot;&quot;,&quot;isLinked&quot;:true},&quot;element_pack_global_tooltip_border_radius&quot;:{&quot;unit&quot;:&quot;px&quot;,&quot;top&quot;:&quot;&quot;,&quot;right&quot;:&quot;&quot;,&quot;bottom&quot;:&quot;&quot;,&quot;left&quot;:&quot;&quot;,&quot;isLinked&quot;:true},&quot;element_pack_global_tooltip_border_radius_tablet&quot;:{&quot;unit&quot;:&quot;px&quot;,&quot;top&quot;:&quot;&quot;,&quot;right&quot;:&quot;&quot;,&quot;bottom&quot;:&quot;&quot;,&quot;left&quot;:&quot;&quot;,&quot;isLinked&quot;:true},&quot;element_pack_global_tooltip_border_radius_mobile&quot;:{&quot;unit&quot;:&quot;px&quot;,&quot;top&quot;:&quot;&quot;,&quot;right&quot;:&quot;&quot;,&quot;bottom&quot;:&quot;&quot;,&quot;left&quot;:&quot;&quot;,&quot;isLinked&quot;:true}}\" data-elementor-post-type=\"page\">\n\t\t\t\t<div class=\"elementor-element elementor-element-1ca12b90 e-flex e-con-boxed e-con e-parent\" data-id=\"1ca12b90\" data-element_type=\"container\" data-e-type=\"container\" data-settings=\"{&quot;background_background&quot;:&quot;classic&quot;}\">\n\t\t\t\t\t<div class=\"e-con-inner\">\n\t\t\t\t<div class=\"elementor-element elementor-element-4c69f829 elementor-widget elementor-widget-heading\" data-id=\"4c69f829\" data-element_type=\"widget\" data-e-type=\"widget\" data-widget_type=\"heading.default\">\n\t\t\t\t<div class=\"elementor-widget-container\">\n\t\t\t\t\t<h1 class=\"elementor-heading-title elementor-size-default\">T\u00e9rminos y Condiciones<\/h1>\t\t\t\t<\/div>\n\t\t\t\t<\/div>\n\t\t\t\t<div class=\"elementor-element elementor-element-32057a8 elementor-widget-divider--view-line elementor-widget elementor-widget-divider\" data-id=\"32057a8\" data-element_type=\"widget\" data-e-type=\"widget\" data-widget_type=\"divider.default\">\n\t\t\t\t<div class=\"elementor-widget-container\">\n\t\t\t\t\t\t\t<div class=\"elementor-divider\">\n\t\t\t<span class=\"elementor-divider-separator\">\n\t\t\t\t\t\t<\/span>\n\t\t<\/div>\n\t\t\t\t\t\t<\/div>\n\t\t\t\t<\/div>\n\t\t\t\t\t<\/div>\n\t\t\t\t<\/div>\n\t\t<div class=\"elementor-element elementor-element-5c677056 e-flex e-con-boxed e-con e-parent\" data-id=\"5c677056\" data-element_type=\"container\" data-e-type=\"container\">\n\t\t\t\t\t<div class=\"e-con-inner\">\n\t\t\t\t<div class=\"elementor-element elementor-element-4d37a725 elementor-widget elementor-widget-text-editor\" data-id=\"4d37a725\" data-element_type=\"widget\" data-e-type=\"widget\" data-widget_type=\"text-editor.default\">\n\t\t\t\t<div class=\"elementor-widget-container\">\n\t\t\t\t\t\t\t\t\t<p>Este Sitio fue creado, es propiedad y es operado por Lamares, Capela &amp; Associados, Bufete de Abogados, SP, RL (LACA), con domicilio en Rua Viriato, N\u00b0 27, 3\u00baA, 1050-234 Lisboa, NIPC 515.158.160, y se rige por el uso de estos T\u00e9rminos y Condiciones.<\/p>\n<p>El usuario del Sitio (\u201cUsuario\u201d) reconoce que al usar este Sitio est\u00e1 aceptando estos T\u00e9rminos y Condiciones.<\/p>\n<p><span style=\"color: var( --e-global-color-text );\">El contenido de este sitio se pone a disposici\u00f3n con el prop\u00f3sito de proporcionar informaci\u00f3n general y no constituye la prestaci\u00f3n de servicios legales. LACA no ser\u00e1 responsable por cualquier da\u00f1o que pueda ocurrir relacionado con la informaci\u00f3n contenida en este sitio. Este sitio es meramente informativo y no tiene contenido publicitario.<\/span><\/p>\n<p>LACA autoriza la descarga y el almacenamiento temporal de contenido de este sitio para su visualizaci\u00f3n en una computadora personal o monitor. La reproducci\u00f3n, el almacenamiento permanente o la retransmisi\u00f3n de los contenidos de este sitio est\u00e1n expresamente prohibidos sin el permiso previo por escrito de LACA.<\/p>\n<p>Todos los derechos en este sitio son propiedad exclusiva de LACA.<\/p>\n<p>Al usar este sitio web, su informaci\u00f3n se recopila y utiliza de acuerdo con los T\u00e9rminos y Condiciones establecidos en la Pol\u00edtica de Cookies, as\u00ed como en la Pol\u00edtica de Privacidad (dando as\u00ed por aceptado ambas pol\u00edticas). Nos reservamos el derecho de cambiar los T\u00e9rminos y Condiciones de uso de este sitio web (incluida la Pol\u00edtica de Privacidad o la Pol\u00edtica de Cookies) en cualquier momento. Dichos cambios se publicar\u00e1n en este sitio web.<\/p>\n<\/p>\n<h3>Nuestra Pol\u00edtica de Cookies<\/h3>\n<p><strong>Resumen:<\/strong><\/p>\n<p>LACA se compromete a garantizar que su privacidad est\u00e9 siempre protegida y que cumpla con las obligaciones bajo la Ley de Protecci\u00f3n de Datos. Nuestra Pol\u00edtica de Privacidad y Cookies explica c\u00f3mo se manejar\u00e1 cualquier informaci\u00f3n personal que nos proporcione cuando use este sitio. Tambi\u00e9n describe c\u00f3mo usamos las cookies de Internet y algunas de las medidas de seguridad que tomamos para proteger su privacidad, as\u00ed como tambi\u00e9n para ofrecerle ciertas garant\u00edas sobre cosas que suceder\u00e1n.<\/p>\n<p><strong>Qu\u00e9 informaci\u00f3n recopilamos y c\u00f3mo la utilizaremos:<\/strong><\/p>\n<p>Cuando se registra en nuestro sitio, recopilamos la informaci\u00f3n que elige completar en los formularios del sitio. Recopilamos esta informaci\u00f3n para poder procesar sus pedidos y administrar eficientemente cualquier transacci\u00f3n, as\u00ed como para desarrollar y mejorar nuestros servicios. Podemos usar informaci\u00f3n agregada para rastrear el uso de nuestros servicios y para ayudarnos a desarrollar y mejorar nuestro sitio. Sin embargo, la informaci\u00f3n y las estad\u00edsticas agregadas no incluyen detalles que puedan usarse para identificarlo.<\/p>\n<p>Es posible que hayamos recibido informaci\u00f3n personal de otras compa\u00f1\u00edas y organizaciones (por ejemplo, a efectos de marketing) y confiamos en estas terceras partes para obtener su consentimiento y poder as\u00ed usar esta informaci\u00f3n.<\/p>\n<p><strong>Cookies:<\/strong><\/p>\n<p>En este sitio usamos cookies. Una cookie es un peque\u00f1o archivo de texto que identifica su computadora en nuestro servidor. Las cookies en s\u00ed no identifican al usuario individual, solo la computadora utilizada. Las cookies no se utilizan para recopilar informaci\u00f3n personal.<\/p>\n<p>Un usuario, en cualquier momento, tiene la posibilidad de configurar su computadora para aceptar todas las cookies, para que se le notifique cuando se emite una cookie o para no recibir ninguna cookie. C\u00f3mo hacerlo depender\u00e1 del navegador web que utilice. Consulte la funci\u00f3n \u201cAyuda\u201d de su navegador. Si acepta las cookies, las mismas permanecer\u00e1n en su computadora durante muchos a\u00f1os a menos que las elimine. Tenga en cuenta que desactivar las cookies limitar\u00e1 el uso de sitios web en general. Aqu\u00ed hay una lista de las principales cookies que utilizamos y cu\u00e1l es su funci\u00f3n:<\/p>\n<p><strong>Cookies que utilizamos:<\/strong><\/p>\n<p>PHPSESSION Esta cookie es esencial y permite que nuestro sitio responda a cualquier acci\u00f3n que realice en el sitio, como completar un formulario de consulta. El sitio no funciona correctamente si esta cookie no se usa.<\/p>\n<p>&#8211; Analytics __utma, __utmb, __utmc, __utmz Cookies __ utmz come\u00e7ando \u00ab__utm\u00bb Esta cookie habilita la funci\u00f3n del software de an\u00e1lisis (analytics). Este software nos ayuda a analizar los visitantes de nuestro sitio y proporcionar informaci\u00f3n an\u00f3nima, como los navegadores utilizados, los visitantes que regresan y la respuesta a las actividades de marketing. Esta informaci\u00f3n nos ayuda a mejorar el sitio y su experiencia en l\u00ednea.<\/p>\n<p>-_ga, _gid, AMP_TOKEN y _gac_ Esta es una cookie de ID de usuario de Google Analytics, generada por analytics.js, y permite identificar usuarios \u00fanicos en diferentes sesiones de navegaci\u00f3n.<\/p>\n<p><strong>Control de cookies:<\/strong><\/p>\n<p>Los navegadores web permiten ejercer cierto control de las cookies a trav\u00e9s de la configuraci\u00f3n del navegador. La mayor\u00eda de los navegadores permiten bloquear cookies o bloquear cookies de sitios web espec\u00edficos. Los navegadores tambi\u00e9n pueden ayudarlo a eliminar las cookies cuando cierra su navegador. Sin embargo, tenga en cuenta que esto puede significar que se perder\u00e1 cualquier exclusi\u00f3n voluntaria (opt-outs) o preferencias establecidas en el sitio. Para obtener m\u00e1s informaci\u00f3n sobre las cookies, como por ejemplo ver qu\u00e9 cookies se configuraron y c\u00f3mo administrarlas y eliminarlas, visite www.allaboutcookies.org, que incluye informaci\u00f3n sobre c\u00f3mo administrar una configuraci\u00f3n para varios proveedores de navegadores.<\/p>\n<p><strong>Google Analytics, navegador opt-out:<\/strong><\/p>\n<p>Para dar a los visitantes m\u00e1s opciones sobre c\u00f3mo Google Analytics recopila sus datos, Google ha desarrollado Google Analytics Navegador Opt-out Add-on. Add-on se comunica con JavaScript de Google Analytics (ga.js) para indicar que la informaci\u00f3n de la visita al sitio no debe enviarse a Google Analytics. Google Analytics Navegador Opt-out no impide que se env\u00ede informaci\u00f3n al sitio en s\u00ed ni a otros servicios de an\u00e1lisis web. Obtenga m\u00e1s informaci\u00f3n sobre Google Analytics Browser Opt-out.<\/p>\n<p><strong>Aceptaci\u00f3n de estos t\u00e9rminos<\/strong><\/p>\n<p>Al usar este sitio, usted acepta la recopilaci\u00f3n y el uso de su informaci\u00f3n como se establece en esta Pol\u00edtica de Cookies y Pol\u00edtica de Privacidad. Si eventualmente cambiamos nuestra Pol\u00edtica de Privacidad o Cookies de alguna manera, esos cambios se publicar\u00e1n en este sitio.<\/p>\n\t\t\t\t\t\t\t\t<\/div>\n\t\t\t\t<\/div>\n\t\t\t\t\t<\/div>\n\t\t\t\t<\/div>\n\t\t\t\t<\/div>\n\t\t","protected":false},"excerpt":{"rendered":"<p>T\u00e9rminos y Condiciones Este Sitio fue creado, es propiedad y es operado por Lamares, Capela &amp; Associados, Bufete de Abogados, SP, RL (LACA), con domicilio en Rua Viriato, N\u00b0 27, 3\u00baA, 1050-234 Lisboa, NIPC 515.158.160, y se rige por el uso de estos T\u00e9rminos y Condiciones. El usuario del Sitio (\u201cUsuario\u201d) reconoce que al usar [&hellip;]<\/p>\n","protected":false},"author":8,"featured_media":0,"parent":0,"menu_order":97,"comment_status":"closed","ping_status":"closed","template":"elementor_header_footer","meta":{"_acf_changed":false,"footnotes":""},"class_list":["post-36761","page","type-page","status-publish","hentry"],"acf":[],"_links":{"self":[{"href":"https:\/\/lamarescapela.pt\/es\/wp-json\/wp\/v2\/pages\/36761","targetHints":{"allow":["GET"]}}],"collection":[{"href":"https:\/\/lamarescapela.pt\/es\/wp-json\/wp\/v2\/pages"}],"about":[{"href":"https:\/\/lamarescapela.pt\/es\/wp-json\/wp\/v2\/types\/page"}],"author":[{"embeddable":true,"href":"https:\/\/lamarescapela.pt\/es\/wp-json\/wp\/v2\/users\/8"}],"replies":[{"embeddable":true,"href":"https:\/\/lamarescapela.pt\/es\/wp-json\/wp\/v2\/comments?post=36761"}],"version-history":[{"count":0,"href":"https:\/\/lamarescapela.pt\/es\/wp-json\/wp\/v2\/pages\/36761\/revisions"}],"wp:attachment":[{"href":"https:\/\/lamarescapela.pt\/es\/wp-json\/wp\/v2\/media?parent=36761"}],"curies":[{"name":"wp","href":"https:\/\/api.w.org\/{rel}","templated":true}]}}