{"id":36772,"date":"2023-08-02T11:16:12","date_gmt":"2023-08-02T11:16:12","guid":{"rendered":"https:\/\/lamarescapela.pt\/politica-de-privacidad\/"},"modified":"2025-01-09T12:11:12","modified_gmt":"2025-01-09T12:11:12","slug":"politica-de-privacidad","status":"publish","type":"page","link":"https:\/\/lamarescapela.pt\/es\/politica-de-privacidad\/","title":{"rendered":"Pol\u00edtica de Privacidad"},"content":{"rendered":"\t\t<div data-elementor-type=\"wp-page\" data-elementor-id=\"36772\" class=\"elementor elementor-36772 elementor-36765\" data-elementor-settings=\"{&quot;element_pack_global_tooltip_width&quot;:{&quot;unit&quot;:&quot;px&quot;,&quot;size&quot;:&quot;&quot;,&quot;sizes&quot;:[]},&quot;element_pack_global_tooltip_width_tablet&quot;:{&quot;unit&quot;:&quot;px&quot;,&quot;size&quot;:&quot;&quot;,&quot;sizes&quot;:[]},&quot;element_pack_global_tooltip_width_mobile&quot;:{&quot;unit&quot;:&quot;px&quot;,&quot;size&quot;:&quot;&quot;,&quot;sizes&quot;:[]},&quot;element_pack_global_tooltip_padding&quot;:{&quot;unit&quot;:&quot;px&quot;,&quot;top&quot;:&quot;&quot;,&quot;right&quot;:&quot;&quot;,&quot;bottom&quot;:&quot;&quot;,&quot;left&quot;:&quot;&quot;,&quot;isLinked&quot;:true},&quot;element_pack_global_tooltip_padding_tablet&quot;:{&quot;unit&quot;:&quot;px&quot;,&quot;top&quot;:&quot;&quot;,&quot;right&quot;:&quot;&quot;,&quot;bottom&quot;:&quot;&quot;,&quot;left&quot;:&quot;&quot;,&quot;isLinked&quot;:true},&quot;element_pack_global_tooltip_padding_mobile&quot;:{&quot;unit&quot;:&quot;px&quot;,&quot;top&quot;:&quot;&quot;,&quot;right&quot;:&quot;&quot;,&quot;bottom&quot;:&quot;&quot;,&quot;left&quot;:&quot;&quot;,&quot;isLinked&quot;:true},&quot;element_pack_global_tooltip_border_radius&quot;:{&quot;unit&quot;:&quot;px&quot;,&quot;top&quot;:&quot;&quot;,&quot;right&quot;:&quot;&quot;,&quot;bottom&quot;:&quot;&quot;,&quot;left&quot;:&quot;&quot;,&quot;isLinked&quot;:true},&quot;element_pack_global_tooltip_border_radius_tablet&quot;:{&quot;unit&quot;:&quot;px&quot;,&quot;top&quot;:&quot;&quot;,&quot;right&quot;:&quot;&quot;,&quot;bottom&quot;:&quot;&quot;,&quot;left&quot;:&quot;&quot;,&quot;isLinked&quot;:true},&quot;element_pack_global_tooltip_border_radius_mobile&quot;:{&quot;unit&quot;:&quot;px&quot;,&quot;top&quot;:&quot;&quot;,&quot;right&quot;:&quot;&quot;,&quot;bottom&quot;:&quot;&quot;,&quot;left&quot;:&quot;&quot;,&quot;isLinked&quot;:true}}\" data-elementor-post-type=\"page\">\n\t\t\t\t<div class=\"elementor-element elementor-element-59c5f0fb e-flex e-con-boxed e-con e-parent\" data-id=\"59c5f0fb\" data-element_type=\"container\" data-e-type=\"container\" data-settings=\"{&quot;background_background&quot;:&quot;classic&quot;}\">\n\t\t\t\t\t<div class=\"e-con-inner\">\n\t\t\t\t<div class=\"elementor-element elementor-element-5a1d02ae elementor-widget elementor-widget-heading\" data-id=\"5a1d02ae\" data-element_type=\"widget\" data-e-type=\"widget\" data-widget_type=\"heading.default\">\n\t\t\t\t<div class=\"elementor-widget-container\">\n\t\t\t\t\t<h1 class=\"elementor-heading-title elementor-size-default\">Pol\u00edtica de Privacidad<\/h1>\t\t\t\t<\/div>\n\t\t\t\t<\/div>\n\t\t\t\t<div class=\"elementor-element elementor-element-24089a02 elementor-widget-divider--view-line elementor-widget elementor-widget-divider\" data-id=\"24089a02\" data-element_type=\"widget\" data-e-type=\"widget\" data-widget_type=\"divider.default\">\n\t\t\t\t<div class=\"elementor-widget-container\">\n\t\t\t\t\t\t\t<div class=\"elementor-divider\">\n\t\t\t<span class=\"elementor-divider-separator\">\n\t\t\t\t\t\t<\/span>\n\t\t<\/div>\n\t\t\t\t\t\t<\/div>\n\t\t\t\t<\/div>\n\t\t\t\t\t<\/div>\n\t\t\t\t<\/div>\n\t\t<div class=\"elementor-element elementor-element-7233fdc3 e-flex e-con-boxed e-con e-parent\" data-id=\"7233fdc3\" data-element_type=\"container\" data-e-type=\"container\">\n\t\t\t\t\t<div class=\"e-con-inner\">\n\t\t\t\t<div class=\"elementor-element elementor-element-9cd27f1 elementor-widget elementor-widget-text-editor\" data-id=\"9cd27f1\" data-element_type=\"widget\" data-e-type=\"widget\" data-widget_type=\"text-editor.default\">\n\t\t\t\t<div class=\"elementor-widget-container\">\n\t\t\t\t\t\t\t\t\t<p>Lamares, Capela &amp; Associados, Sociedad de Abogados, SP, RL, (LACA) se compromete a proteger la privacidad de todos los usuarios de su sitio web y, en consecuencia, ha preparado esta Pol\u00edtica de Privacidad.<\/p>\n<p>Para garantizar el compromiso con la privacidad de sus usuarios, LACA ha adoptado las mejores pr\u00e1cticas en seguridad y protecci\u00f3n de datos personales (consulte \u201cPol\u00edtica de Privacidad\u201d), en los t\u00e9rminos que se describen a continuaci\u00f3n.<\/p>\n<p>Con respecto a esto, y para garantizar que todos los datos personales sean tratados y protegidos de acuerdo con el nuevo Reglamento General de Protecci\u00f3n de Datos, lea detenidamente la nueva Pol\u00edtica de Privacidad y protecci\u00f3n de datos.<\/p>\n<p>Es extremadamente importante que lea y d\u00e9 su consentimiento expreso con respecto a la retenci\u00f3n y procesamiento de sus datos personales a fin de autorizar el env\u00edo de notificaciones de acuerdo con las normas establecidas en este documento.<\/p>\n<p>Adem\u00e1s, es importante aclarar que la simple navegaci\u00f3n o acceso al sitio web de LACA no implicar\u00e1 necesariamente cookies (cuya pol\u00edtica puede y debe consultar <strong><a href=\"https:\/\/lamarescapela.pt\/es\/terminos-y-condiciones\/\">aqu\u00ed<\/a><\/strong>) o la recopilaci\u00f3n de sus datos personales.<\/p>\n<h4>1. Datos personales<\/h4>\n<p>Los datos personales corresponden a cualquier informaci\u00f3n, con respecto a una persona f\u00edsica identificada o identificable, de cualquier naturaleza e independientemente de la clase de soporte.<\/p>\n<p>Identificable es cualquier persona f\u00edsica que puede ser identificada, directa o indirectamente, en particular por referencia a un identificador (por ejemplo, un n\u00famero de identificaci\u00f3n, datos de ubicaci\u00f3n, identificadores electr\u00f3nicos o uno o m\u00e1s elementos espec\u00edficos de identidad f\u00edsica, fisiol\u00f3gica, antecedentes gen\u00e9ticos, mentales, econ\u00f3micos, culturales o sociales de tal individuo).<\/p>\n<p>A trav\u00e9s de este sitio web, y seg\u00fan el prop\u00f3sito de la recopilaci\u00f3n de datos, se recopilar\u00e1 la siguiente informaci\u00f3n personal: (i) nombre, (ii) fecha de nacimiento, (iii) contactos (tel\u00e9fono y correo electr\u00f3nico), (iv) pa\u00eds de residencia e (v) informaci\u00f3n necesaria y relevante para la evaluaci\u00f3n de idoneidad \/ ajuste en los servicios previstos.<\/p>\n<h4>2. Responsable del procesamiento de datos personales<\/h4>\n<p>Lamares, Capela &amp; Associados, Sociedad de Abogados, SP, RL, persona jur\u00eddica colectiva n\u00famero 515 518 160, con domicilio en Rua Viriato, n\u00b0 27, 3\u00baA, 1050-234, Lisboa, Portugal, es la entidad responsable de recopilar y procesar datos personales para los siguientes prop\u00f3sitos.<\/p>\n<p>Si cree que la informaci\u00f3n en esta Pol\u00edtica de Privacidad no es lo suficientemente clara y\/o transparente, o por cualquier otra raz\u00f3n que considere relevante, cont\u00e1ctenos por correo electr\u00f3nico a: info@lamarescapela.pt.<\/p>\n<h4>3. Prop\u00f3sito del procesamiento de datos personales<\/h4>\n<p>La recopilaci\u00f3n y el procesamiento de datos personales en el sitio web de LACA est\u00e1 destinado a: (i) enviar documentaci\u00f3n informativa al usuario; (ii) presentar propuestas de servicios y\/o presupuestos (u otra informaci\u00f3n de productos y\/o servicios de LACA); (iii) presentar documentaci\u00f3n sobre los procesos contratados por el usuario; (iv) procesar datos estad\u00edsticos, completar el formulario o cuestionario en el sitio web correspondiente al consentimiento previo y expreso del procesamiento de datos personales transmitidos.<\/p>\n<p>Si el usuario permite expresamente y previamente el procesamiento de sus datos personales (consentimiento que puede ser retirado en cualquier momento, para m\u00e1s informaci\u00f3n sobre esto consulte el punto 5 a continuaci\u00f3n), LACA se compromete a garantizar el procesamiento de datos personales en la medida y tiempo necesarios para la consecuci\u00f3n de sus fines.<\/p>\n<p>A la luz de lo anterior, LACA aclara que no solicita ni fomenta, de ninguna manera, la remisi\u00f3n y el env\u00edo de datos personales relacionados con creencias filos\u00f3ficas o pol\u00edticas, afiliaci\u00f3n a partidos pol\u00edticos o sindicatos, fe religiosa, vida privada y origen racial o religioso as\u00ed como tampoco datos relacionados con la salud y vida sexual, incluidos datos gen\u00e9ticos.<\/p>\n<p>Por lo tanto, en caso de que se transmitan a LACA datos personales, LACA no se har\u00e1 responsable de su procesamiento en virtud de esta Pol\u00edtica de Privacidad.<\/p>\n<p>Sin perjuicio de que existan otras formas de contacto con LACA, la falta de transmisi\u00f3n de datos personales impedir\u00e1 que LACA lo acepte en el \u00e1rea reservada del sitio web.<\/p>\n<h4>4. Conservaci\u00f3n de los datos personales<\/h4>\n<p>El per\u00edodo de tiempo durante el cual los datos personales se almacenan y conservan variar\u00e1 de acuerdo con los prop\u00f3sitos anteriores.<\/p>\n<p>En este sentido, debe aclararse que los datos personales relacionados con los procesos contratados por el usuario estar\u00e1n reservados para procesos futuros, sin perjuicio del derecho del titular a solicitar la eliminaci\u00f3n de sus datos en cualquier momento, como se indica en el punto 5 a continuaci\u00f3n.<\/p>\n<p>Los datos personales recopilados con el prop\u00f3sito de enviar propuestas de servicios y\/o presupuestos o informaci\u00f3n sobre nuevos productos y\/o servicios de LACA se almacenar\u00e1n por un per\u00edodo de un (1) a\u00f1o despu\u00e9s del \u00faltimo contacto con el interesado, sin perjuicio del hecho de que se pueden aplicar plazos m\u00e1s largos cuando la situaci\u00f3n lo amerite (siempre en proporci\u00f3n a dicha situaci\u00f3n), en particular para salvaguardar tambi\u00e9n los derechos de LACA.<\/p>\n<h4>5. Derecho de acceso, rectificaci\u00f3n, eliminaci\u00f3n, limitaci\u00f3n del procesamiento y derecho a la portabilidad de los datos personales<\/h4>\n<p>El usuario tiene garantizado en cualquier momento el derecho de acceso a sus datos personales, as\u00ed como su rectificaci\u00f3n, eliminaci\u00f3n, portabilidad, limitaci\u00f3n y\/u oposici\u00f3n al procesamiento; en este sentido, podr\u00e1 ejercer cualquiera de estos derechos dirigi\u00e9ndose por escrito a LACA a su domicilio o al siguiente correo electr\u00f3nico: info@lamarescapela.pt.<\/p>\n<p>Adem\u00e1s, el usuario siempre podr\u00e1 presentar cualquier queja que considere necesaria a la autoridad competente para este prop\u00f3sito.<\/p>\n<h4>6. Seguridad en el procesamiento de datos personales<\/h4>\n<p>Los datos personales ser\u00e1n procesados y almacenados computarizados y en papel.<\/p>\n<p>LACA se compromete a garantizar la seguridad y la protecci\u00f3n de los datos personales que nos env\u00ede a trav\u00e9s del sitio web y ha tomado las medidas apropiadas para tal fin.<\/p>\n<p>LACA informa que estas medidas de seguridad se revisan y actualizan de acuerdo con las necesidades y requisitos de estos asuntos.xig\u00eancias destas mat\u00e9rias.<\/p>\n<p>Si por alguna raz\u00f3n se produce una violaci\u00f3n de seguridad que accidental o ilegalmente causa la destrucci\u00f3n, p\u00e9rdida, alteraci\u00f3n, divulgaci\u00f3n o acceso no autorizado a datos personales, LACA se compromete, de acuerdo con ley aplicable, a notificar a las autoridades competentes sin demora indebida y, siempre que sea posible, dentro de las 72 horas posteriores a la toma de conciencia de tal hecho.<\/p>\n<p>Adem\u00e1s, y de conformidad con el p\u00e1rrafo inmediatamente anterior, LACA se compromete a informar sobre la violaci\u00f3n de los datos personales al propietario respectivo de esos datos, de conformidad con la ley aplicable.<\/p>\n<p>A pesar de las medidas de seguridad adoptadas por LACA, se debe tener en cuenta y advertir que los usuarios tambi\u00e9n deben tomar medidas de seguridad adicionales, a saber, garantizar que haya un firewall, antivirus y antispyware activo actualizado.<\/p>\n<h4>7. Comunicaci\u00f3n de datos personales a terceros<\/h4>\n<p>Como parte de su actividad, LACA podr\u00eda recurrir a terceros para proporcionar ciertos servicios (ubicados dentro o fuera de la Uni\u00f3n Europea), lo cual, en algunas situaciones, implicar\u00eda el acceso de dichas entidades a los datos personales de los usuarios.<\/p>\n<p>En tal escenario, LACA se compromete a tomar las medidas necesarias y apropiadas para garantizar que las entidades que accedan a dichos datos personales tengan buena reputaci\u00f3n y ofrezcan altas garant\u00edas en este nivel, que estar\u00e1 debidamente protegido entre LACA y la(s) tercera(s) parte(s).<\/p>\n<p>De hecho, cualquier entidad subcontratada por LACA tratar\u00e1 los datos personales de los usuarios en su nombre y por su cuenta para tomar las medidas t\u00e9cnicas y organizativas necesarias para proteger dichos datos personales contra la destrucci\u00f3n accidental o ilegal, p\u00e9rdida accidental, alteraci\u00f3n, difusi\u00f3n o acceso no autorizado y contra cualquier otra forma de tratamiento ilegal.<\/p>\n<p>En cualquier caso, LACA sigue siendo responsable por el procesamiento de datos personales.<\/p>\n<p>Siempre que sea necesario, y en el \u00e1mbito de contrataci\u00f3n de terceros por parte de LACA, los datos personales pueden transferirse fuera de la Uni\u00f3n Europea, bajo los t\u00e9rminos y condiciones permitidos por la ley aplicable.<\/p>\n<h4>8. Derecho a eliminaci\u00f3n<\/h4>\n<p>El titular de los datos personales tiene derecho a obtener por parte del responsable la eliminaci\u00f3n de sus datos personales, que a su vez estar\u00e1 obligado a eliminarlos siempre que exista una de las siguientes razones: (i) los datos ya no son necesarios para el prop\u00f3sito que motiv\u00f3 su recopilaci\u00f3n o procesamiento; (ii) el titular retira el consentimiento cuando el consentimiento es la base legal o el titular se opone al tratamiento y no prevalecen intereses leg\u00edtimos que justifiquen su retenci\u00f3n.<\/p>\n<h4>9. Acceso a sitios web de terceros<\/h4>\n<p>La Pol\u00edtica de Privacidad no se aplica a sitios web de terceros. En este caso, cada vez que visite otro sitio web desde este, siempre debe leer la Pol\u00edtica de Privacidad aplicable y comprobar que se acepten sus t\u00e9rminos antes de proporcionar sus datos personales.<\/p>\n<p>LACA no es responsable de la Pol\u00edtica de Privacidad aplicable o del contenido disponible en sitios web de terceros.<\/p>\n<h4>10. Modificaciones a la Pol\u00edtica de Privacidad<\/h4>\n<p>LACA se reserva el derecho a, en cualquier momento, realizar ajustes o cambios a esta Pol\u00edtica de Privacidad, siempre que dichos cambios se publiquen correctamente en este sitio web.<\/p>\n<p>La versi\u00f3n publicada del sitio web es la que actualmente rige. atualmente em vigor.<\/p>\n\t\t\t\t\t\t\t\t<\/div>\n\t\t\t\t<\/div>\n\t\t\t\t\t<\/div>\n\t\t\t\t<\/div>\n\t\t\t\t<\/div>\n\t\t","protected":false},"excerpt":{"rendered":"<p>Pol\u00edtica de Privacidad Lamares, Capela &amp; Associados, Sociedad de Abogados, SP, RL, (LACA) se compromete a proteger la privacidad de todos los usuarios de su sitio web y, en consecuencia, ha preparado esta Pol\u00edtica de Privacidad. Para garantizar el compromiso con la privacidad de sus usuarios, LACA ha adoptado las mejores pr\u00e1cticas en seguridad y [&hellip;]<\/p>\n","protected":false},"author":8,"featured_media":0,"parent":0,"menu_order":96,"comment_status":"closed","ping_status":"closed","template":"elementor_header_footer","meta":{"_acf_changed":false,"footnotes":""},"class_list":["post-36772","page","type-page","status-publish","hentry"],"acf":[],"_links":{"self":[{"href":"https:\/\/lamarescapela.pt\/es\/wp-json\/wp\/v2\/pages\/36772","targetHints":{"allow":["GET"]}}],"collection":[{"href":"https:\/\/lamarescapela.pt\/es\/wp-json\/wp\/v2\/pages"}],"about":[{"href":"https:\/\/lamarescapela.pt\/es\/wp-json\/wp\/v2\/types\/page"}],"author":[{"embeddable":true,"href":"https:\/\/lamarescapela.pt\/es\/wp-json\/wp\/v2\/users\/8"}],"replies":[{"embeddable":true,"href":"https:\/\/lamarescapela.pt\/es\/wp-json\/wp\/v2\/comments?post=36772"}],"version-history":[{"count":0,"href":"https:\/\/lamarescapela.pt\/es\/wp-json\/wp\/v2\/pages\/36772\/revisions"}],"wp:attachment":[{"href":"https:\/\/lamarescapela.pt\/es\/wp-json\/wp\/v2\/media?parent=36772"}],"curies":[{"name":"wp","href":"https:\/\/api.w.org\/{rel}","templated":true}]}}